{"id":14,"date":"2016-10-13T16:06:06","date_gmt":"2016-10-13T14:06:06","guid":{"rendered":"http:\/\/molecularbionic.bplaced.net\/wordpress\/?page_id=14"},"modified":"2026-02-23T11:08:30","modified_gmt":"2026-02-23T10:08:30","slug":"oc-4-skript","status":"publish","type":"page","link":"https:\/\/molecularbionic.bplaced.net\/?page_id=14","title":{"rendered":"OC-3 BSc"},"content":{"rendered":"<p>Liebe Studenten,<\/p>\n<p>Hier finden Sie das VL-Material f\u00fcr das Modul OC-3 (BSc Chemie), welches im Wochenrhythmus aktualisiert werden wird. Diese pdf-Dateien begleiten die in der Pr\u00e4senzveranstaltung am <strong>Mo von 8:15 Uhr bis ca. 9:45 Uhr in HS C<\/strong> besprochenen Themengebiete. Da es keine\u00a0Pr\u00e4sentationsfolien sind, erscheinen diese\u00a0<strong>Lernfolien<\/strong>\u00a0inhaltlich ziemlich voll. Sie sind\u00a0<span style=\"text-decoration: underline;\">kein<\/span> Ersatz f\u00fcr den Besuch der Vorlesung. In der Pr\u00e4senzveranstaltung erhalten Sie Anleitung zum Zeichnen von Molek\u00fclen, Reaktionen, Katalysezyklen und \u00dcbergangszust\u00e4nden, sowie zahlreiche Hinweise zur Klausur. Die Klausur zur VL wird am <strong>16.02.2026<\/strong> von 13:00 &#8211; 15:00 Uhr in HS A stattfinden. Bitte melden Sie sich f\u00fcr diese Klausur an!<strong><br \/>\n<\/strong><\/p>\n<p>Der erste VL-Termin ist der <strong>13. Oktober 2025<\/strong>. Die in den Dateien enthaltenen Fragen werden in der \u00dcbung am darauffolgenden <strong>Do von 8:15 Uhr bis ca. 9:45 Uhr in HS C<\/strong> besprochen.<\/p>\n<p>Viel Erfolg w\u00fcnscht Armin Geyer (aktuell 28.08.2025)<\/p>\n<p>Anmerkung: Eine von \u00f6ffentlicher Hand finanzierte Lehre sollte frei zug\u00e4nglich sein und braucht nicht in Uni-internen Netzen versteckt werden. Bitte behandeln Sie die nachfolgenden Folien und Inhalte nach den Richtlinien der <em>Creative Commons <\/em>Lizenz CC BY und verweisen bei deren Verwendung auf den Ursprung der Folien. Themen und Inhalte \u00e4ndern sich j\u00e4hrlich.<\/p>\n<p>Woche 1 <a href=\"https:\/\/molecularbionic.bplaced.net\/wordpress\/wp-content\/uploads\/2016\/10\/01-Stereoselektive-Synthese_13Okt25.pdf\">Stereoselektive Synthese<\/a>\u00a0(13.10.2025)<\/p>\n<p>Woche 2\u00a0<a href=\"https:\/\/molecularbionic.bplaced.net\/wordpress\/wp-content\/uploads\/2016\/10\/02_Carbonylreduktion_20Okt25.pdf\">Carbonylreduktion<\/a>\u00a0(20.10.2025)<\/p>\n<p>Woche 3\u00a0<a href=\"https:\/\/molecularbionic.bplaced.net\/wordpress\/wp-content\/uploads\/2016\/10\/03_Asymm-Hydrierung-27Okt25.pdf\">Asymmetrische Hydrierung<\/a>\u00a0(27.10.2025)<\/p>\n<p>Woche 4 <a href=\"https:\/\/molecularbionic.bplaced.net\/wordpress\/wp-content\/uploads\/2016\/10\/04_Organokatalyse_03Nov25.pdf\">Organokatalyse<\/a>\u00a0(03.11.2025)<\/p>\n<p>Woche 5 <a href=\"https:\/\/molecularbionic.bplaced.net\/wordpress\/wp-content\/uploads\/2016\/10\/05-Enolate_10Nov25.pdf\">Enolate<\/a>\u00a0(10.11.2025)<\/p>\n<p>Woche 6 <a href=\"https:\/\/molecularbionic.bplaced.net\/wordpress\/wp-content\/uploads\/2016\/10\/06-Imine-Enamine-Iminiumsalze-17Nov25.pdf\">Imine-Enamine-Iminiumsalze<\/a>\u00a0(17.11.2025)<\/p>\n<p>Woche 7 <a href=\"https:\/\/molecularbionic.bplaced.net\/wordpress\/wp-content\/uploads\/2016\/10\/07_Alkaloidsynthesen-mit-Pyridin-24Nov25.pdf\">Alkaloidsynthesen mit Pyridin<\/a>\u00a0(24.11.2025)<\/p>\n<p>Woche 8 <a href=\"https:\/\/molecularbionic.bplaced.net\/wordpress\/wp-content\/uploads\/2016\/10\/08_SEAr-mit-N-Heterocyclen_01Dez25.pdf\">SEAr mit N-Heterocyclen<\/a>\u00a0(01.12.2025)<\/p>\n<p>Woche 9 <a href=\"https:\/\/molecularbionic.bplaced.net\/wordpress\/wp-content\/uploads\/2016\/10\/09-Kreuzkupplung-und-Metathese_08Dez25.pdf\">Kreuzkupplung und Metathese<\/a>\u00a0(08.12.2025)<\/p>\n<p>Woche 10 <a href=\"https:\/\/molecularbionic.bplaced.net\/wordpress\/wp-content\/uploads\/2016\/10\/\u00dcbungsaufgaben-1.-Teil-18Dez25.pdf\">\u00dcbungsaufgaben 1. Teil<\/a>\u00a0(15.12.2025) Keine Pr\u00e4senzveranstaltung am 18. Dezember! Daf\u00fcr jede Menge alte Klausuraufgaben zu den ersten 10 Wochen dieser Veranstaltung.<\/p>\n<p>Woche 11 <a href=\"https:\/\/molecularbionic.bplaced.net\/wordpress\/wp-content\/uploads\/2016\/10\/11-Retrosynthese-12Jan26.pdf\">Retrosynthese<\/a>\u00a0(12.01.2026)<\/p>\n<p>Woche 12 <a href=\"https:\/\/molecularbionic.bplaced.net\/wordpress\/wp-content\/uploads\/2026\/01\/12_Umpolung-Carbonyle-mit-NHC-19Jan26.pdf\">Umpolung Carbonyle mit NHC<\/a> (19.01.2026)<\/p>\n<p>Woche 13 <a href=\"https:\/\/molecularbionic.bplaced.net\/wordpress\/wp-content\/uploads\/2026\/01\/13_Aminosaeuresynthese_26Jan26.pdf\">Aminos\u00e4uresynthese<\/a>\u00a0(26.01.2026)<\/p>\n<p>Woche 14a <a href=\"https:\/\/molecularbionic.bplaced.net\/wordpress\/wp-content\/uploads\/2026\/02\/14_Nukleosid-basierte-Antimetabolite_korr.pdf\">14_Nukleosid-basierte Antimetabolite_korr<\/a> (02.02.2026)<\/p>\n<p>Woche 14b <a href=\"https:\/\/molecularbionic.bplaced.net\/wordpress\/wp-content\/uploads\/2026\/02\/14b_Dynamische-Stereochemie_02Feb26.pdf\">Dynamische Stereochemie<\/a> (02.02.2026)<\/p>\n<p>Woche 15 <a href=\"https:\/\/molecularbionic.bplaced.net\/wordpress\/wp-content\/uploads\/2026\/02\/Uebungsaufgaben-2.Teil-06Feb26.pdf\">\u00dcbungsaufgaben 2.Teil<\/a>\u00a0 Keine Pr\u00e4senzveranstaltung am 12.02. Daf\u00fcr weitere alte Klausuraufgaben zu den Wochen 11-14 dieser Veranstaltung.<\/p>\n<p>Woche 15 Klausurvorbereitung (09.02.2026)<\/p>\n<p><span style=\"color: #ff0000;\"><strong>16.02.2026 13.00 &#8211; 15.00 Uhr Klausur in HS A\u00a0<\/strong><\/span>Bitte nehmen Sie unbedingt diesen Klausurtermin wahr! Alle Tipps, die ich im Laufe der VL gebe, gelten nur f\u00fcr diese Klausur. Spekulieren Sie bitte nicht auf den Wiederholungstermin, dessen Datum und Pr\u00fcfungsform (Klausur oder m\u00fcndlich) kurzfristig angek\u00fcndigt hier wird.<\/p>\n<p>Die 2. Klausur wird am <span style=\"color: #ff0000;\"><strong>20.03.2026 von 10:00 &#8211; 12:00 Uhr in HS B<\/strong><span style=\"color: #000000;\"> stattfinden.\u00a0<\/span><\/span><\/p>\n<p>Viel Erfolg!<\/p>\n<p>Armin Geyer<\/p>\n","protected":false},"excerpt":{"rendered":"<p>Liebe Studenten, Hier finden Sie das VL-Material f\u00fcr das Modul OC-3 (BSc Chemie), welches im Wochenrhythmus aktualisiert werden wird. Diese pdf-Dateien begleiten die in der Pr\u00e4senzveranstaltung am Mo von 8:15 Uhr bis ca. 9:45 Uhr in HS C besprochenen Themengebiete. Da es keine\u00a0Pr\u00e4sentationsfolien sind, erscheinen diese\u00a0Lernfolien\u00a0inhaltlich ziemlich voll. Sie sind\u00a0kein Ersatz f\u00fcr den Besuch der&#8230;<\/p>\n","protected":false},"author":1,"featured_media":1294,"parent":0,"menu_order":5,"comment_status":"closed","ping_status":"closed","template":"","meta":{"footnotes":""},"class_list":["post-14","page","type-page","status-publish","has-post-thumbnail","hentry"],"_links":{"self":[{"href":"https:\/\/molecularbionic.bplaced.net\/index.php?rest_route=\/wp\/v2\/pages\/14","targetHints":{"allow":["GET"]}}],"collection":[{"href":"https:\/\/molecularbionic.bplaced.net\/index.php?rest_route=\/wp\/v2\/pages"}],"about":[{"href":"https:\/\/molecularbionic.bplaced.net\/index.php?rest_route=\/wp\/v2\/types\/page"}],"author":[{"embeddable":true,"href":"https:\/\/molecularbionic.bplaced.net\/index.php?rest_route=\/wp\/v2\/users\/1"}],"replies":[{"embeddable":true,"href":"https:\/\/molecularbionic.bplaced.net\/index.php?rest_route=%2Fwp%2Fv2%2Fcomments&post=14"}],"version-history":[{"count":292,"href":"https:\/\/molecularbionic.bplaced.net\/index.php?rest_route=\/wp\/v2\/pages\/14\/revisions"}],"predecessor-version":[{"id":1735,"href":"https:\/\/molecularbionic.bplaced.net\/index.php?rest_route=\/wp\/v2\/pages\/14\/revisions\/1735"}],"wp:featuredmedia":[{"embeddable":true,"href":"https:\/\/molecularbionic.bplaced.net\/index.php?rest_route=\/wp\/v2\/media\/1294"}],"wp:attachment":[{"href":"https:\/\/molecularbionic.bplaced.net\/index.php?rest_route=%2Fwp%2Fv2%2Fmedia&parent=14"}],"curies":[{"name":"wp","href":"https:\/\/api.w.org\/{rel}","templated":true}]}}